{"id":923,"date":"2025-02-10T15:53:30","date_gmt":"2025-02-10T15:53:30","guid":{"rendered":"https:\/\/new.hildasholm.org\/?page_id=923"},"modified":"2026-03-18T11:01:05","modified_gmt":"2026-03-18T10:01:05","slug":"evenemang","status":"publish","type":"page","link":"https:\/\/hildasholm.org\/en\/evenemang\/","title":{"rendered":"Events"},"content":{"rendered":"<div data-elementor-type=\"wp-page\" data-elementor-id=\"923\" class=\"elementor elementor-923\" data-elementor-post-type=\"page\">\n\t\t\t\t<div class=\"elementor-element elementor-element-2adecbf e-flex e-con-boxed e-con e-parent\" data-id=\"2adecbf\" data-element_type=\"container\" data-e-type=\"container\">\n\t\t\t\t\t<div class=\"e-con-inner\">\n\t\t<div class=\"elementor-element elementor-element-e0045ac e-con-full e-flex e-con e-child\" data-id=\"e0045ac\" data-element_type=\"container\" data-e-type=\"container\">\n\t\t\t\t<div class=\"elementor-element elementor-element-5dcadb6 elementor-widget elementor-widget-text-editor\" data-id=\"5dcadb6\" data-element_type=\"widget\" data-e-type=\"widget\" data-widget_type=\"text-editor.default\">\n\t\t\t\t<div class=\"elementor-widget-container\">\n\t\t\t\t\t\t\t\t\t<div class=\"fusion-title title fusion-title-1 fusion-sep-none fusion-title-center fusion-title-text fusion-title-size-one\">\n<h1 data-start=\"531\" data-end=\"564\"><strong data-start=\"535\" data-end=\"562\">Events at Hildasholm<\/strong><\/h1>\n<p data-start=\"565\" data-end=\"789\">Hildasholm is a living cultural place where we organise <span data-start=\"620\" data-end=\"694\" style=\"\">workshops, lectures, concerts, art exhibitions and much more<\/span>. Here you can enjoy a wide range of inspiring activities in a unique historical setting.<\/p>\n<\/div>\t\t\t\t\t\t\t\t<\/div>\n\t\t\t\t<\/div>\n\t\t\t\t<div class=\"elementor-element elementor-element-3214924 elementor-widget elementor-widget-button\" data-id=\"3214924\" data-element_type=\"widget\" data-e-type=\"widget\" data-widget_type=\"button.default\">\n\t\t\t\t<div class=\"elementor-widget-container\">\n\t\t\t\t\t\t\t\t\t<div class=\"elementor-button-wrapper\">\n\t\t\t\t\t<a class=\"elementor-button elementor-button-link elementor-size-sm\" href=\"https:\/\/hildasholm.org\/en\/evenemang\/evenemangskalender\/\">\n\t\t\t\t\t\t<span class=\"elementor-button-content-wrapper\">\n\t\t\t\t\t\t\t\t\t<span class=\"elementor-button-text\">Calendar of events for the year<\/span>\n\t\t\t\t\t<\/span>\n\t\t\t\t\t<\/a>\n\t\t\t\t<\/div>\n\t\t\t\t\t\t\t\t<\/div>\n\t\t\t\t<\/div>\n\t\t\t\t<\/div>\n\t\t<div class=\"elementor-element elementor-element-11c333b e-con-full e-flex e-con e-child\" data-id=\"11c333b\" data-element_type=\"container\" data-e-type=\"container\">\n\t\t\t\t<div class=\"elementor-element elementor-element-7d01101 elementor-widget elementor-widget-eael-event-calendar\" data-id=\"7d01101\" data-element_type=\"widget\" data-e-type=\"widget\" data-widget_type=\"eael-event-calendar.default\">\n\t\t\t\t<div class=\"elementor-widget-container\">\n\t\t\t\t\t<div class=\"eael-event-calendar-wrapper layout-table\">\t\t<table class=\"eael-event-calendar-table ea-ec-table-paginated ea-ec-table-sortable\" data-items-per-page=\"5\">\n\t\t\t<thead>\n\t\t\t<tr style=\"display: table-row;\">\n\t\t\t\t<th>Upcoming events<\/th><th>Date<\/th>\t\t\t<\/tr>\n\t\t\t<\/thead>\n\t\t\t<tbody>\n\t\t\t<tr  ><td class=\"eael-ec-event-title\"><a href='https:\/\/hildasholm.org\/en\/event\/invigning-av-sasongen-pa-hildasholm-2\/' target=\"_blank\">Opening of the season at Hildasholm<\/a><\/td><td class=\"eael-ec-event-date\"><span class=\"hide\">1778754600<\/span> 14 May  <\/td><\/tr><tr  ><td class=\"eael-ec-event-title\"><a href='https:\/\/hildasholm.org\/en\/event\/workshop-skapa-din-egen-graskrona\/' target=\"_blank\">Workshop: Create your own grass crown<\/a><\/td><td class=\"eael-ec-event-date\"><span class=\"hide\">1783170000<\/span> 4 July  <\/td><\/tr><tr  ><td class=\"eael-ec-event-title\"><a href='https:\/\/hildasholm.org\/en\/event\/biblioterapi-pa-hildasholm-tema-barndom\/' target=\"_blank\">Bibliotherapy at Hildasholm - theme childhood<\/a><\/td><td class=\"eael-ec-event-date\"><span class=\"hide\">1783260000<\/span> 5 July  <\/td><\/tr><tr  ><td class=\"eael-ec-event-title\"><a href='https:\/\/hildasholm.org\/en\/event\/barnteaterveckan\/' target=\"_blank\">Children's Theatre Week<\/a><\/td><td class=\"eael-ec-event-date\"><span class=\"hide\">1783422000<\/span> 7 July - 10 July<\/td><\/tr><tr style=\"display: none;\" ><td class=\"eael-ec-event-title\"><a href='https:\/\/hildasholm.org\/en\/event\/cyanotypi-skapa-med-vaxter-och-solljus\/' target=\"_blank\">Cyanotypes - create with plants and sunlight<\/a><\/td><td class=\"eael-ec-event-date\"><span class=\"hide\">1783765800<\/span> 11 July  <\/td><\/tr><tr style=\"display: none;\" ><td class=\"eael-ec-event-title\"><a href='https:\/\/hildasholm.org\/en\/event\/biblioterapi-pa-hildasholm-tema-visdom\/' target=\"_blank\">Bibliotherapy at Hildasholm - theme wisdom<\/a><\/td><td class=\"eael-ec-event-date\"><span class=\"hide\">1783864800<\/span> 12 July  <\/td><\/tr><tr style=\"display: none;\" ><td class=\"eael-ec-event-title\"><a href='https:\/\/hildasholm.org\/en\/event\/en-sagovarld-marionetter-och-barnkultur-hos-familjen-munthe\/' target=\"_blank\">A fairytale world - puppets and children's culture in the Munthe family<\/a><\/td><td class=\"eael-ec-event-date\"><span class=\"hide\">1784044800<\/span> 14 July  <\/td><\/tr><tr style=\"display: none;\" ><td class=\"eael-ec-event-title\"><a href='https:\/\/hildasholm.org\/en\/event\/foredrag-hildasholmstapeten\/' target=\"_blank\">Lecture: The Hildasholm Wallpaper with Noomi Spange from Bor\u00e5stapeter<\/a><\/td><td class=\"eael-ec-event-date\"><span class=\"hide\">1784228400<\/span> 16 July  <\/td><\/tr><tr style=\"display: none;\" ><td class=\"eael-ec-event-title\"><a href='https:\/\/hildasholm.org\/en\/event\/premiar-hilda-musikteater-pa-hildasholm\/' target=\"_blank\">Premiere: Hilda - musical theatre at Hildasholm<\/a><\/td><td class=\"eael-ec-event-date\"><span class=\"hide\">1785438000<\/span> 30 July  <\/td><\/tr><tr style=\"display: none;\" ><td class=\"eael-ec-event-title\"><a href='https:\/\/hildasholm.org\/en\/event\/matine-hilda-musikteater-pa-hildasholm-2\/' target=\"_blank\">Matinee: Hilda - musical theatre at Hildasholm<\/a><\/td><td class=\"eael-ec-event-date\"><span class=\"hide\">1785513600<\/span> 31 July  <\/td><\/tr><tr style=\"display: none;\" ><td class=\"eael-ec-event-title\"><a href='https:\/\/hildasholm.org\/en\/event\/hilda-musikteater-pa-hildasholm\/' target=\"_blank\">Hilda - musical theatre at Hildasholm<\/a><\/td><td class=\"eael-ec-event-date\"><span class=\"hide\">1785524400<\/span> 31 July  <\/td><\/tr><tr style=\"display: none;\" ><td class=\"eael-ec-event-title\"><a href='https:\/\/hildasholm.org\/en\/event\/matine-hilda-musikteater-pa-hildasholm\/' target=\"_blank\">Matinee: Hilda - musical theatre at Hildasholm<\/a><\/td><td class=\"eael-ec-event-date\"><span class=\"hide\">1785600000<\/span> 1 August  <\/td><\/tr><tr style=\"display: none;\" ><td class=\"eael-ec-event-title\"><a href='https:\/\/hildasholm.org\/en\/event\/hilda-musikteater-pa-hildasholm-2\/' target=\"_blank\">Hilda - musical theatre at Hildasholm<\/a><\/td><td class=\"eael-ec-event-date\"><span class=\"hide\">1785610800<\/span> 1 August  <\/td><\/tr>\t\t\t<\/tbody>\n\t\t<\/table>\n\n\t\t<div class=\"eael-event-calendar-pagination ea-ec-pagination-button\"><\/div><\/div>\t\t\t\t<\/div>\n\t\t\t\t<\/div>\n\t\t\t\t<\/div>\n\t\t\t\t\t<\/div>\n\t\t\t\t<\/div>\n\t\t<div class=\"elementor-element elementor-element-97f87cc e-flex e-con-boxed e-con e-parent\" data-id=\"97f87cc\" data-element_type=\"container\" data-e-type=\"container\">\n\t\t\t\t\t<div class=\"e-con-inner\">\n\t\t<div class=\"elementor-element elementor-element-6cebf9d e-con-full e-flex e-con e-child\" data-id=\"6cebf9d\" data-element_type=\"container\" data-e-type=\"container\">\n\t\t\t\t<div class=\"elementor-element elementor-element-fd3c848 elementor-cta--skin-classic elementor-animated-content elementor-bg-transform elementor-bg-transform-zoom-in elementor-widget elementor-widget-call-to-action\" data-id=\"fd3c848\" data-element_type=\"widget\" data-e-type=\"widget\" data-widget_type=\"call-to-action.default\">\n\t\t\t\t<div class=\"elementor-widget-container\">\n\t\t\t\t\t\t\t<a class=\"elementor-cta\" href=\"http:\/\/hildasholm.org\/en\/evenemang\/workshopochforelasningar\/\">\n\t\t\t\t\t<div class=\"elementor-cta__bg-wrapper\">\n\t\t\t\t<div class=\"elementor-cta__bg elementor-bg\" style=\"background-image: url(https:\/\/hildasholm.org\/wp-content\/uploads\/2025\/02\/Workshop-pioner-1024x576.jpg);\" role=\"img\" aria-label=\"Handmade paper flowers in bright colours.\"><\/div>\n\t\t\t\t<div class=\"elementor-cta__bg-overlay\"><\/div>\n\t\t\t<\/div>\n\t\t\t\t\t\t\t<div class=\"elementor-cta__content\">\n\t\t\t\t\n\t\t\t\t\t\t\t\t\t<h2 class=\"elementor-cta__title elementor-cta__content-item elementor-content-item\">\n\t\t\t\t\t\tWorkshops and lectures\t\t\t\t\t<\/h2>\n\t\t\t\t\n\t\t\t\t\t\t\t\t\t<div class=\"elementor-cta__description elementor-cta__content-item elementor-content-item\">\n\t\t\t\t\t\tLearn more about gardening, history and crafts through our workshops and lectures. Suitable for beginners and enthusiasts alike.\t\t\t\t\t<\/div>\n\t\t\t\t\n\t\t\t\t\t\t\t\t\t<div class=\"elementor-cta__button-wrapper elementor-cta__content-item elementor-content-item\">\n\t\t\t\t\t<span class=\"elementor-cta__button elementor-button elementor-size-\">\n\t\t\t\t\t\tClick here for more information\t\t\t\t\t<\/span>\n\t\t\t\t\t<\/div>\n\t\t\t\t\t\t\t<\/div>\n\t\t\t\t\t\t<\/a>\n\t\t\t\t\t\t<\/div>\n\t\t\t\t<\/div>\n\t\t\t\t<\/div>\n\t\t<div class=\"elementor-element elementor-element-827b9d6 e-con-full e-flex e-con e-child\" data-id=\"827b9d6\" data-element_type=\"container\" data-e-type=\"container\">\n\t\t\t\t<div class=\"elementor-element elementor-element-c263671 elementor-cta--valign-top elementor-cta--skin-classic elementor-animated-content elementor-bg-transform elementor-bg-transform-zoom-in elementor-widget elementor-widget-call-to-action\" data-id=\"c263671\" data-element_type=\"widget\" data-e-type=\"widget\" data-widget_type=\"call-to-action.default\">\n\t\t\t\t<div class=\"elementor-widget-container\">\n\t\t\t\t\t\t\t<a class=\"elementor-cta\" href=\"http:\/\/hildasholm.org\/en\/evenemang\/konserter\/\">\n\t\t\t\t\t<div class=\"elementor-cta__bg-wrapper\">\n\t\t\t\t<div class=\"elementor-cta__bg elementor-bg\" style=\"background-image: url(https:\/\/hildasholm.org\/wp-content\/uploads\/2025\/02\/huvudbild-2-1024x576.jpg);\" role=\"img\" aria-label=\"Two pictures of live performances in the Hildasholm lounge.\"><\/div>\n\t\t\t\t<div class=\"elementor-cta__bg-overlay\"><\/div>\n\t\t\t<\/div>\n\t\t\t\t\t\t\t<div class=\"elementor-cta__content\">\n\t\t\t\t\n\t\t\t\t\t\t\t\t\t<h2 class=\"elementor-cta__title elementor-cta__content-item elementor-content-item\">\n\t\t\t\t\t\tmusic\t\t\t\t\t<\/h2>\n\t\t\t\t\n\t\t\t\t\t\t\t\t\t<div class=\"elementor-cta__description elementor-cta__content-item elementor-content-item\">\n\t\t\t\t\t\tEnjoy intimate concerts and musical experiences in a historic setting. Everything from classical music to folk music and songs. <br><br><br>\t\t\t\t\t<\/div>\n\t\t\t\t\n\t\t\t\t\t\t\t\t\t<div class=\"elementor-cta__button-wrapper elementor-cta__content-item elementor-content-item\">\n\t\t\t\t\t<span class=\"elementor-cta__button elementor-button elementor-size-\">\n\t\t\t\t\t\tClick here for more information\t\t\t\t\t<\/span>\n\t\t\t\t\t<\/div>\n\t\t\t\t\t\t\t<\/div>\n\t\t\t\t\t\t<\/a>\n\t\t\t\t\t\t<\/div>\n\t\t\t\t<\/div>\n\t\t\t\t<\/div>\n\t\t<div class=\"elementor-element elementor-element-3662679 e-con-full e-flex e-con e-child\" data-id=\"3662679\" data-element_type=\"container\" data-e-type=\"container\">\n\t\t\t\t<div class=\"elementor-element elementor-element-176d7f4 elementor-cta--valign-top elementor-cta--skin-classic elementor-animated-content elementor-bg-transform elementor-bg-transform-zoom-in elementor-widget elementor-widget-call-to-action\" data-id=\"176d7f4\" data-element_type=\"widget\" data-e-type=\"widget\" data-widget_type=\"call-to-action.default\">\n\t\t\t\t<div class=\"elementor-widget-container\">\n\t\t\t\t\t\t\t<a class=\"elementor-cta\" href=\"http:\/\/hildasholm.org\/en\/evenemang\/konst\/\">\n\t\t\t\t\t<div class=\"elementor-cta__bg-wrapper\">\n\t\t\t\t<div class=\"elementor-cta__bg elementor-bg\" style=\"background-image: url(https:\/\/hildasholm.org\/wp-content\/uploads\/2022\/04\/I8A8015-1024x683.jpg);\" role=\"img\" aria-label=\"A wall with three gold frames containing historical portraits, above a beautiful sofa with embroidered fabric.\"><\/div>\n\t\t\t\t<div class=\"elementor-cta__bg-overlay\"><\/div>\n\t\t\t<\/div>\n\t\t\t\t\t\t\t<div class=\"elementor-cta__content\">\n\t\t\t\t\n\t\t\t\t\t\t\t\t\t<h2 class=\"elementor-cta__title elementor-cta__content-item elementor-content-item\">\n\t\t\t\t\t\tArt\t\t\t\t\t<\/h2>\n\t\t\t\t\n\t\t\t\t\t\t\t\t\t<div class=\"elementor-cta__description elementor-cta__content-item elementor-content-item\">\n\t\t\t\t\t\tHildasholm has a long tradition of art and creativity. Art exhibitions and artist meetings are organised here throughout the year.<br><br>\t\t\t\t\t<\/div>\n\t\t\t\t\n\t\t\t\t\t\t\t\t\t<div class=\"elementor-cta__button-wrapper elementor-cta__content-item elementor-content-item\">\n\t\t\t\t\t<span class=\"elementor-cta__button elementor-button elementor-size-\">\n\t\t\t\t\t\tClick here for more information\t\t\t\t\t<\/span>\n\t\t\t\t\t<\/div>\n\t\t\t\t\t\t\t<\/div>\n\t\t\t\t\t\t<\/a>\n\t\t\t\t\t\t<\/div>\n\t\t\t\t<\/div>\n\t\t\t\t<\/div>\n\t\t<div class=\"elementor-element elementor-element-2550ef0 e-con-full e-flex e-con e-child\" data-id=\"2550ef0\" data-element_type=\"container\" data-e-type=\"container\">\n\t\t\t\t<div class=\"elementor-element elementor-element-5032ec2 elementor-cta--valign-top elementor-cta--skin-classic elementor-animated-content elementor-bg-transform elementor-bg-transform-zoom-in elementor-widget elementor-widget-call-to-action\" data-id=\"5032ec2\" data-element_type=\"widget\" data-e-type=\"widget\" data-widget_type=\"call-to-action.default\">\n\t\t\t\t<div class=\"elementor-widget-container\">\n\t\t\t\t\t\t\t<a class=\"elementor-cta\" href=\"http:\/\/hildasholm.org\/en\/evenemang\/aterkommande-hojdpunkter\/\">\n\t\t\t\t\t<div class=\"elementor-cta__bg-wrapper\">\n\t\t\t\t<div class=\"elementor-cta__bg elementor-bg\" style=\"background-image: url(https:\/\/hildasholm.org\/wp-content\/uploads\/2025\/02\/huvudbild-3-1024x576.jpg);\" role=\"img\" aria-label=\"Two fiddlers sitting opposite each other with violins.\"><\/div>\n\t\t\t\t<div class=\"elementor-cta__bg-overlay\"><\/div>\n\t\t\t<\/div>\n\t\t\t\t\t\t\t<div class=\"elementor-cta__content\">\n\t\t\t\t\n\t\t\t\t\t\t\t\t\t<h2 class=\"elementor-cta__title elementor-cta__content-item elementor-content-item\">\n\t\t\t\t\t\tOther events\t\t\t\t\t<\/h2>\n\t\t\t\t\n\t\t\t\t\t\t\t\t\t<div class=\"elementor-cta__description elementor-cta__content-item elementor-content-item\">\n\t\t\t\t\t\tHildasholm also invites you to other events such as festivals, guided special tours, theatre and theme evenings.<br><br>\t\t\t\t\t<\/div>\n\t\t\t\t\n\t\t\t\t\t\t\t\t\t<div class=\"elementor-cta__button-wrapper elementor-cta__content-item elementor-content-item\">\n\t\t\t\t\t<span class=\"elementor-cta__button elementor-button elementor-size-\">\n\t\t\t\t\t\tClick here for more information\t\t\t\t\t<\/span>\n\t\t\t\t\t<\/div>\n\t\t\t\t\t\t\t<\/div>\n\t\t\t\t\t\t<\/a>\n\t\t\t\t\t\t<\/div>\n\t\t\t\t<\/div>\n\t\t\t\t<\/div>\n\t\t\t\t\t<\/div>\n\t\t\t\t<\/div>\n\t\t<div class=\"elementor-element elementor-element-e70714d e-flex e-con-boxed e-con e-parent\" data-id=\"e70714d\" data-element_type=\"container\" data-e-type=\"container\">\n\t\t\t\t\t<div class=\"e-con-inner\">\n\t\t\t\t<div class=\"elementor-element elementor-element-551a38b elementor-widget elementor-widget-spacer\" data-id=\"551a38b\" data-element_type=\"widget\" data-e-type=\"widget\" data-widget_type=\"spacer.default\">\n\t\t\t\t<div class=\"elementor-widget-container\">\n\t\t\t\t\t\t\t<div class=\"elementor-spacer\">\n\t\t\t<div class=\"elementor-spacer-inner\"><\/div>\n\t\t<\/div>\n\t\t\t\t\t\t<\/div>\n\t\t\t\t<\/div>\n\t\t\t\t\t<\/div>\n\t\t\t\t<\/div>\n\t\t\t\t<\/div>","protected":false},"excerpt":{"rendered":"<p>Evenemang p\u00e5 Hildasholm Hildasholm \u00e4r en levande kulturplats d\u00e4r vi arrangerar workshops, f\u00f6rel\u00e4sningar, konserter, konstutst\u00e4llningar och mycket mer. H\u00e4r kan du ta del av ett brett utbud av inspirerande aktiviteter [&hellip;]<\/p>\n","protected":false},"author":2,"featured_media":0,"parent":0,"menu_order":0,"comment_status":"closed","ping_status":"closed","template":"elementor_header_footer","meta":{"_EventAllDay":false,"_EventTimezone":"","_EventStartDate":"","_EventEndDate":"","_EventStartDateUTC":"","_EventEndDateUTC":"","_EventShowMap":false,"_EventShowMapLink":false,"_EventURL":"","_EventCost":"","_EventCostDescription":"","_EventCurrencySymbol":"","_EventCurrencyCode":"","_EventCurrencyPosition":"","_EventDateTimeSeparator":"","_EventTimeRangeSeparator":"","_EventOrganizerID":[],"_EventVenueID":[],"_OrganizerEmail":"","_OrganizerPhone":"","_OrganizerWebsite":"","_VenueAddress":"","_VenueCity":"","_VenueCountry":"","_VenueProvince":"","_VenueState":"","_VenueZip":"","_VenuePhone":"","_VenueURL":"","_VenueStateProvince":"","_VenueLat":"","_VenueLng":"","_VenueShowMap":false,"_VenueShowMapLink":false,"ocean_post_layout":"full-width","ocean_both_sidebars_style":"","ocean_both_sidebars_content_width":0,"ocean_both_sidebars_sidebars_width":0,"ocean_sidebar":"","ocean_second_sidebar":"","ocean_disable_margins":"enable","ocean_add_body_class":"","ocean_shortcode_before_top_bar":"","ocean_shortcode_after_top_bar":"","ocean_shortcode_before_header":"","ocean_shortcode_after_header":"","ocean_has_shortcode":"","ocean_shortcode_after_title":"","ocean_shortcode_before_footer_widgets":"","ocean_shortcode_after_footer_widgets":"","ocean_shortcode_before_footer_bottom":"","ocean_shortcode_after_footer_bottom":"","ocean_display_top_bar":"default","ocean_display_header":"default","ocean_header_style":"","ocean_center_header_left_menu":"","ocean_custom_header_template":"","ocean_custom_logo":0,"ocean_custom_retina_logo":0,"ocean_custom_logo_max_width":0,"ocean_custom_logo_tablet_max_width":0,"ocean_custom_logo_mobile_max_width":0,"ocean_custom_logo_max_height":0,"ocean_custom_logo_tablet_max_height":0,"ocean_custom_logo_mobile_max_height":0,"ocean_header_custom_menu":"","ocean_menu_typo_font_family":"","ocean_menu_typo_font_subset":"","ocean_menu_typo_font_size":0,"ocean_menu_typo_font_size_tablet":0,"ocean_menu_typo_font_size_mobile":0,"ocean_menu_typo_font_size_unit":"px","ocean_menu_typo_font_weight":"","ocean_menu_typo_font_weight_tablet":"","ocean_menu_typo_font_weight_mobile":"","ocean_menu_typo_transform":"","ocean_menu_typo_transform_tablet":"","ocean_menu_typo_transform_mobile":"","ocean_menu_typo_line_height":0,"ocean_menu_typo_line_height_tablet":0,"ocean_menu_typo_line_height_mobile":0,"ocean_menu_typo_line_height_unit":"","ocean_menu_typo_spacing":0,"ocean_menu_typo_spacing_tablet":0,"ocean_menu_typo_spacing_mobile":0,"ocean_menu_typo_spacing_unit":"","ocean_menu_link_color":"","ocean_menu_link_color_hover":"","ocean_menu_link_color_active":"","ocean_menu_link_background":"","ocean_menu_link_hover_background":"","ocean_menu_link_active_background":"","ocean_menu_social_links_bg":"","ocean_menu_social_hover_links_bg":"","ocean_menu_social_links_color":"","ocean_menu_social_hover_links_color":"","ocean_disable_title":"default","ocean_disable_heading":"default","ocean_post_title":"","ocean_post_subheading":"","ocean_post_title_style":"","ocean_post_title_background_color":"","ocean_post_title_background":0,"ocean_post_title_bg_image_position":"","ocean_post_title_bg_image_attachment":"","ocean_post_title_bg_image_repeat":"","ocean_post_title_bg_image_size":"","ocean_post_title_height":0,"ocean_post_title_bg_overlay":0.5,"ocean_post_title_bg_overlay_color":"","ocean_disable_breadcrumbs":"default","ocean_breadcrumbs_color":"","ocean_breadcrumbs_separator_color":"","ocean_breadcrumbs_links_color":"","ocean_breadcrumbs_links_hover_color":"","ocean_display_footer_widgets":"default","ocean_display_footer_bottom":"default","ocean_custom_footer_template":"","osh_disable_topbar_sticky":"default","osh_disable_header_sticky":"default","osh_sticky_header_style":"default","osh_sticky_header_effect":"","osh_custom_sticky_logo":0,"osh_custom_retina_sticky_logo":0,"osh_custom_sticky_logo_height":0,"osh_background_color":"","osh_links_color":"","osh_links_hover_color":"","osh_links_active_color":"","osh_links_bg_color":"","osh_links_hover_bg_color":"","osh_links_active_bg_color":"","osh_menu_social_links_color":"","osh_menu_social_hover_links_color":"","footnotes":""},"class_list":["post-923","page","type-page","status-publish","hentry","entry"],"_links":{"self":[{"href":"https:\/\/hildasholm.org\/en\/wp-json\/wp\/v2\/pages\/923","targetHints":{"allow":["GET"]}}],"collection":[{"href":"https:\/\/hildasholm.org\/en\/wp-json\/wp\/v2\/pages"}],"about":[{"href":"https:\/\/hildasholm.org\/en\/wp-json\/wp\/v2\/types\/page"}],"author":[{"embeddable":true,"href":"https:\/\/hildasholm.org\/en\/wp-json\/wp\/v2\/users\/2"}],"replies":[{"embeddable":true,"href":"https:\/\/hildasholm.org\/en\/wp-json\/wp\/v2\/comments?post=923"}],"version-history":[{"count":62,"href":"https:\/\/hildasholm.org\/en\/wp-json\/wp\/v2\/pages\/923\/revisions"}],"predecessor-version":[{"id":3020,"href":"https:\/\/hildasholm.org\/en\/wp-json\/wp\/v2\/pages\/923\/revisions\/3020"}],"wp:attachment":[{"href":"https:\/\/hildasholm.org\/en\/wp-json\/wp\/v2\/media?parent=923"}],"curies":[{"name":"wp","href":"https:\/\/api.w.org\/{rel}","templated":true}]}}