{"id":3163,"date":"2026-04-28T13:21:42","date_gmt":"2026-04-28T12:21:42","guid":{"rendered":"https:\/\/hildasholm.org\/?page_id=3163"},"modified":"2026-04-28T13:49:01","modified_gmt":"2026-04-28T12:49:01","slug":"press-och-medier","status":"publish","type":"page","link":"https:\/\/hildasholm.org\/en\/press-och-medier\/","title":{"rendered":"Press and Media"},"content":{"rendered":"<div data-elementor-type=\"wp-page\" data-elementor-id=\"3163\" class=\"elementor elementor-3163\" data-elementor-post-type=\"page\">\n\t\t\t\t<div class=\"elementor-element elementor-element-45b0c4a e-flex e-con-boxed e-con e-parent\" data-id=\"45b0c4a\" data-element_type=\"container\" data-e-type=\"container\">\n\t\t\t\t\t<div class=\"e-con-inner\">\n\t\t<div class=\"elementor-element elementor-element-bcdaca1 e-con-full e-flex e-con e-child\" data-id=\"bcdaca1\" data-element_type=\"container\" data-e-type=\"container\">\n\t\t<div class=\"elementor-element elementor-element-d3c34a0 e-con-full e-flex e-con e-child\" data-id=\"d3c34a0\" data-element_type=\"container\" data-e-type=\"container\">\n\t\t\t\t<div class=\"elementor-element elementor-element-bb6ca89 elementor-widget elementor-widget-text-editor\" data-id=\"bb6ca89\" data-element_type=\"widget\" data-e-type=\"widget\" data-widget_type=\"text-editor.default\">\n\t\t\t\t<div class=\"elementor-widget-container\">\n\t\t\t\t\t\t\t\t\t<p>Here we collect articles, radio features and other attention about Hildasholm.<\/p>\t\t\t\t\t\t\t\t<\/div>\n\t\t\t\t<\/div>\n\t\t\t\t<div class=\"elementor-element elementor-element-9f9b61c elementor-widget elementor-widget-text-editor\" data-id=\"9f9b61c\" data-element_type=\"widget\" data-e-type=\"widget\" data-widget_type=\"text-editor.default\">\n\t\t\t\t<div class=\"elementor-widget-container\">\n\t\t\t\t\t\t\t\t\t<ul><li data-section-id=\"rbcnsj\" data-start=\"1053\" data-end=\"1103\"><a href=\"https:\/\/radiosiljan.com\/nyheter\/hildasholm-150-ar\/\" target=\"_blank\" rel=\"noopener\"><b>16 April 2026<\/b>, Radio Siljan, <em data-start=\"1084\" data-end=\"1103\">Hildasholm 150 years<\/em><\/a><\/li><li data-section-id=\"1tadox2\" data-start=\"1104\" data-end=\"1179\"><b>12 April 2026<\/b>, Falukuriren, <em data-start=\"1134\" data-end=\"1179\">Hildasholm celebrates 150th anniversary with a special pastry<\/em><\/li><\/ul>\t\t\t\t\t\t\t\t<\/div>\n\t\t\t\t<\/div>\n\t\t\t\t<\/div>\n\t\t<div class=\"elementor-element elementor-element-91b570d e-con-full e-flex e-con e-child\" data-id=\"91b570d\" data-element_type=\"container\" data-e-type=\"container\">\n\t\t\t\t<div class=\"elementor-element elementor-element-b227283 elementor-widget elementor-widget-image\" data-id=\"b227283\" data-element_type=\"widget\" data-e-type=\"widget\" data-widget_type=\"image.default\">\n\t\t\t\t<div class=\"elementor-widget-container\">\n\t\t\t\t\t\t\t\t\t\t\t\t\t\t\t<img fetchpriority=\"high\" decoding=\"async\" width=\"768\" height=\"1024\" src=\"https:\/\/hildasholm.org\/wp-content\/uploads\/2026\/03\/IMG_2732-768x1024.jpeg\" class=\"attachment-large size-large wp-image-2999\" alt=\"\" srcset=\"https:\/\/hildasholm.org\/wp-content\/uploads\/2026\/03\/IMG_2732-768x1024.jpeg 768w, https:\/\/hildasholm.org\/wp-content\/uploads\/2026\/03\/IMG_2732-225x300.jpeg 225w, https:\/\/hildasholm.org\/wp-content\/uploads\/2026\/03\/IMG_2732-1152x1536.jpeg 1152w, https:\/\/hildasholm.org\/wp-content\/uploads\/2026\/03\/IMG_2732-1536x2048.jpeg 1536w, https:\/\/hildasholm.org\/wp-content\/uploads\/2026\/03\/IMG_2732-9x12.jpeg 9w, https:\/\/hildasholm.org\/wp-content\/uploads\/2026\/03\/IMG_2732-scaled.jpeg 1920w\" sizes=\"(max-width: 768px) 100vw, 768px\" \/>\t\t\t\t\t\t\t\t\t\t\t\t\t\t\t<\/div>\n\t\t\t\t<\/div>\n\t\t\t\t<\/div>\n\t\t\t\t<\/div>\n\t\t\t\t<div class=\"elementor-element elementor-element-ac82df0 elementor-widget elementor-widget-heading\" data-id=\"ac82df0\" data-element_type=\"widget\" data-e-type=\"widget\" data-widget_type=\"heading.default\">\n\t\t\t\t<div class=\"elementor-widget-container\">\n\t\t\t\t\t<h2 class=\"elementor-heading-title elementor-size-default\">Previous attention<\/h2>\t\t\t\t<\/div>\n\t\t\t\t<\/div>\n\t\t\t\t<div class=\"elementor-element elementor-element-f948938 elementor-widget elementor-widget-text-editor\" data-id=\"f948938\" data-element_type=\"widget\" data-e-type=\"widget\" data-widget_type=\"text-editor.default\">\n\t\t\t\t<div class=\"elementor-widget-container\">\n\t\t\t\t\t\t\t\t\t<ul><li data-section-id=\"rbcnsj\" data-start=\"1053\" data-end=\"1103\"><a href=\"https:\/\/se.readly.com\/magazines\/allt-om-tradgard\/2025-02-19\/67b421eea992cc75f3c25090\" target=\"_blank\" rel=\"noopener\"><b>19 February 2025<\/b>, All About Gardening, <em data-start=\"1084\" data-end=\"1103\">A garden with no beginning and no end<\/em><\/a><\/li><li data-section-id=\"1tadox2\" data-start=\"1104\" data-end=\"1179\"><a href=\"https:\/\/www.allas.se\/tradgard\/john-taylor-tradgard-sverige\/7671083\" target=\"_blank\" rel=\"noopener\"><b>28 June 2021<\/b>, Alas, <em>Follow John: One of Sweden's most beautiful Arts and Crafts gardens is in Leksand<\/em><\/a><\/li><\/ul>\t\t\t\t\t\t\t\t<\/div>\n\t\t\t\t<\/div>\n\t\t\t\t\t<\/div>\n\t\t\t\t<\/div>\n\t\t\t\t<\/div>","protected":false},"excerpt":{"rendered":"<p>H\u00e4r samlar vi artiklar, radioinslag och annan uppm\u00e4rksamhet om Hildasholm. 16 april 2026, Radio Siljan, Hildasholm 150 \u00e5r 12 april 2026, Falukuriren, Hildasholm firar 150-\u00e5ring med egen bakelse Tidigare uppm\u00e4rksamhet [&hellip;]<\/p>\n","protected":false},"author":2,"featured_media":3000,"parent":0,"menu_order":0,"comment_status":"closed","ping_status":"closed","template":"","meta":{"_EventAllDay":false,"_EventTimezone":"","_EventStartDate":"","_EventEndDate":"","_EventStartDateUTC":"","_EventEndDateUTC":"","_EventShowMap":false,"_EventShowMapLink":false,"_EventURL":"","_EventCost":"","_EventCostDescription":"","_EventCurrencySymbol":"","_EventCurrencyCode":"","_EventCurrencyPosition":"","_EventDateTimeSeparator":"","_EventTimeRangeSeparator":"","_EventOrganizerID":[],"_EventVenueID":[],"_OrganizerEmail":"","_OrganizerPhone":"","_OrganizerWebsite":"","_VenueAddress":"","_VenueCity":"","_VenueCountry":"","_VenueProvince":"","_VenueState":"","_VenueZip":"","_VenuePhone":"","_VenueURL":"","_VenueStateProvince":"","_VenueLat":"","_VenueLng":"","_VenueShowMap":false,"_VenueShowMapLink":false,"ocean_post_layout":"","ocean_both_sidebars_style":"","ocean_both_sidebars_content_width":0,"ocean_both_sidebars_sidebars_width":0,"ocean_sidebar":"","ocean_second_sidebar":"","ocean_disable_margins":"enable","ocean_add_body_class":"","ocean_shortcode_before_top_bar":"","ocean_shortcode_after_top_bar":"","ocean_shortcode_before_header":"","ocean_shortcode_after_header":"","ocean_has_shortcode":"","ocean_shortcode_after_title":"","ocean_shortcode_before_footer_widgets":"","ocean_shortcode_after_footer_widgets":"","ocean_shortcode_before_footer_bottom":"","ocean_shortcode_after_footer_bottom":"","ocean_display_top_bar":"default","ocean_display_header":"default","ocean_header_style":"","ocean_center_header_left_menu":"","ocean_custom_header_template":"","ocean_custom_logo":0,"ocean_custom_retina_logo":0,"ocean_custom_logo_max_width":0,"ocean_custom_logo_tablet_max_width":0,"ocean_custom_logo_mobile_max_width":0,"ocean_custom_logo_max_height":0,"ocean_custom_logo_tablet_max_height":0,"ocean_custom_logo_mobile_max_height":0,"ocean_header_custom_menu":"","ocean_menu_typo_font_family":"","ocean_menu_typo_font_subset":"","ocean_menu_typo_font_size":0,"ocean_menu_typo_font_size_tablet":0,"ocean_menu_typo_font_size_mobile":0,"ocean_menu_typo_font_size_unit":"px","ocean_menu_typo_font_weight":"","ocean_menu_typo_font_weight_tablet":"","ocean_menu_typo_font_weight_mobile":"","ocean_menu_typo_transform":"","ocean_menu_typo_transform_tablet":"","ocean_menu_typo_transform_mobile":"","ocean_menu_typo_line_height":0,"ocean_menu_typo_line_height_tablet":0,"ocean_menu_typo_line_height_mobile":0,"ocean_menu_typo_line_height_unit":"","ocean_menu_typo_spacing":0,"ocean_menu_typo_spacing_tablet":0,"ocean_menu_typo_spacing_mobile":0,"ocean_menu_typo_spacing_unit":"","ocean_menu_link_color":"","ocean_menu_link_color_hover":"","ocean_menu_link_color_active":"","ocean_menu_link_background":"","ocean_menu_link_hover_background":"","ocean_menu_link_active_background":"","ocean_menu_social_links_bg":"","ocean_menu_social_hover_links_bg":"","ocean_menu_social_links_color":"","ocean_menu_social_hover_links_color":"","ocean_disable_title":"default","ocean_disable_heading":"default","ocean_post_title":"","ocean_post_subheading":"","ocean_post_title_style":"","ocean_post_title_background_color":"","ocean_post_title_background":0,"ocean_post_title_bg_image_position":"","ocean_post_title_bg_image_attachment":"","ocean_post_title_bg_image_repeat":"","ocean_post_title_bg_image_size":"","ocean_post_title_height":0,"ocean_post_title_bg_overlay":0.5,"ocean_post_title_bg_overlay_color":"","ocean_disable_breadcrumbs":"default","ocean_breadcrumbs_color":"","ocean_breadcrumbs_separator_color":"","ocean_breadcrumbs_links_color":"","ocean_breadcrumbs_links_hover_color":"","ocean_display_footer_widgets":"default","ocean_display_footer_bottom":"default","ocean_custom_footer_template":"","osh_disable_topbar_sticky":"default","osh_disable_header_sticky":"default","osh_sticky_header_style":"default","osh_sticky_header_effect":"","osh_custom_sticky_logo":0,"osh_custom_retina_sticky_logo":0,"osh_custom_sticky_logo_height":0,"osh_background_color":"","osh_links_color":"","osh_links_hover_color":"","osh_links_active_color":"","osh_links_bg_color":"","osh_links_hover_bg_color":"","osh_links_active_bg_color":"","osh_menu_social_links_color":"","osh_menu_social_hover_links_color":"","footnotes":""},"class_list":["post-3163","page","type-page","status-publish","has-post-thumbnail","hentry","entry","has-media"],"_links":{"self":[{"href":"https:\/\/hildasholm.org\/en\/wp-json\/wp\/v2\/pages\/3163","targetHints":{"allow":["GET"]}}],"collection":[{"href":"https:\/\/hildasholm.org\/en\/wp-json\/wp\/v2\/pages"}],"about":[{"href":"https:\/\/hildasholm.org\/en\/wp-json\/wp\/v2\/types\/page"}],"author":[{"embeddable":true,"href":"https:\/\/hildasholm.org\/en\/wp-json\/wp\/v2\/users\/2"}],"replies":[{"embeddable":true,"href":"https:\/\/hildasholm.org\/en\/wp-json\/wp\/v2\/comments?post=3163"}],"version-history":[{"count":4,"href":"https:\/\/hildasholm.org\/en\/wp-json\/wp\/v2\/pages\/3163\/revisions"}],"predecessor-version":[{"id":3167,"href":"https:\/\/hildasholm.org\/en\/wp-json\/wp\/v2\/pages\/3163\/revisions\/3167"}],"wp:featuredmedia":[{"embeddable":true,"href":"https:\/\/hildasholm.org\/en\/wp-json\/wp\/v2\/media\/3000"}],"wp:attachment":[{"href":"https:\/\/hildasholm.org\/en\/wp-json\/wp\/v2\/media?parent=3163"}],"curies":[{"name":"wp","href":"https:\/\/api.w.org\/{rel}","templated":true}]}}