{"id":2539,"date":"2025-04-24T11:58:52","date_gmt":"2025-04-24T10:58:52","guid":{"rendered":"https:\/\/hildasholm.org\/?page_id=2539"},"modified":"2025-06-02T10:30:24","modified_gmt":"2025-06-02T09:30:24","slug":"arets-musiker","status":"publish","type":"page","link":"https:\/\/hildasholm.org\/en\/evenemang\/hildasholmsmusiken\/arets-musiker\/","title":{"rendered":"Musician of the year"},"content":{"rendered":"<div data-elementor-type=\"wp-page\" data-elementor-id=\"2539\" class=\"elementor elementor-2539\" data-elementor-post-type=\"page\">\n\t\t\t\t<div class=\"elementor-element elementor-element-9fd6b90 e-flex e-con-boxed e-con e-parent\" data-id=\"9fd6b90\" data-element_type=\"container\" data-e-type=\"container\">\n\t\t\t\t\t<div class=\"e-con-inner\">\n\t\t<div class=\"elementor-element elementor-element-fe51946 e-con-full e-flex e-con e-child\" data-id=\"fe51946\" data-element_type=\"container\" data-e-type=\"container\">\n\t\t\t\t<div class=\"elementor-element elementor-element-d1defcb elementor-position-top elementor-widget elementor-widget-image-box\" data-id=\"d1defcb\" data-element_type=\"widget\" data-e-type=\"widget\" data-widget_type=\"image-box.default\">\n\t\t\t\t<div class=\"elementor-widget-container\">\n\t\t\t\t\t<div class=\"elementor-image-box-wrapper\"><figure class=\"elementor-image-box-img\"><a href=\"#\" tabindex=\"-1\"><img fetchpriority=\"high\" decoding=\"async\" width=\"940\" height=\"788\" src=\"https:\/\/hildasholm.org\/wp-content\/uploads\/2025\/04\/Elisabeth.jpg\" class=\"attachment-full size-full wp-image-2550\" alt=\"\" srcset=\"https:\/\/hildasholm.org\/wp-content\/uploads\/2025\/04\/Elisabeth.jpg 940w, https:\/\/hildasholm.org\/wp-content\/uploads\/2025\/04\/Elisabeth-300x251.jpg 300w, https:\/\/hildasholm.org\/wp-content\/uploads\/2025\/04\/Elisabeth-768x644.jpg 768w, https:\/\/hildasholm.org\/wp-content\/uploads\/2025\/04\/Elisabeth-14x12.jpg 14w\" sizes=\"(max-width: 940px) 100vw, 940px\" \/><\/a><\/figure><div class=\"elementor-image-box-content\"><h3 class=\"elementor-image-box-title\"><a href=\"#\">Elisabeth Zeuthen Schneider - Violin, Artistic Director<\/a><\/h3><p class=\"elementor-image-box-description\">Internationally recognised violinist and artistic director with extensive experience from Europe's leading stages and festivals. A passionate communicator of world-class chamber music.<\/p><\/div><\/div>\t\t\t\t<\/div>\n\t\t\t\t<\/div>\n\t\t\t\t<\/div>\n\t\t<div class=\"elementor-element elementor-element-c7a25b4 e-con-full e-flex e-con e-child\" data-id=\"c7a25b4\" data-element_type=\"container\" data-e-type=\"container\">\n\t\t\t\t<div class=\"elementor-element elementor-element-12afd60 elementor-position-top elementor-widget elementor-widget-image-box\" data-id=\"12afd60\" data-element_type=\"widget\" data-e-type=\"widget\" data-widget_type=\"image-box.default\">\n\t\t\t\t<div class=\"elementor-widget-container\">\n\t\t\t\t\t<div class=\"elementor-image-box-wrapper\"><figure class=\"elementor-image-box-img\"><img decoding=\"async\" width=\"940\" height=\"788\" src=\"https:\/\/hildasholm.org\/wp-content\/uploads\/2025\/04\/Toke.jpg\" class=\"attachment-full size-full wp-image-2554\" alt=\"\" srcset=\"https:\/\/hildasholm.org\/wp-content\/uploads\/2025\/04\/Toke.jpg 940w, https:\/\/hildasholm.org\/wp-content\/uploads\/2025\/04\/Toke-300x251.jpg 300w, https:\/\/hildasholm.org\/wp-content\/uploads\/2025\/04\/Toke-768x644.jpg 768w, https:\/\/hildasholm.org\/wp-content\/uploads\/2025\/04\/Toke-14x12.webp 14w\" sizes=\"(max-width: 940px) 100vw, 940px\" \/><\/figure><div class=\"elementor-image-box-content\"><h3 class=\"elementor-image-box-title\">Toke M\u00f8ldrup - Cello<\/h3><p class=\"elementor-image-box-description\">Award-winning cellist who captivates audiences around the world - from Carnegie Hall to Tokyo. Known for his expressive playing style and innovative approach to classical music.<\/p><\/div><\/div>\t\t\t\t<\/div>\n\t\t\t\t<\/div>\n\t\t\t\t<\/div>\n\t\t<div class=\"elementor-element elementor-element-0221a87 e-con-full e-flex e-con e-child\" data-id=\"0221a87\" data-element_type=\"container\" data-e-type=\"container\">\n\t\t\t\t<div class=\"elementor-element elementor-element-0ccb924 elementor-position-top elementor-widget elementor-widget-image-box\" data-id=\"0ccb924\" data-element_type=\"widget\" data-e-type=\"widget\" data-widget_type=\"image-box.default\">\n\t\t\t\t<div class=\"elementor-widget-container\">\n\t\t\t\t\t<div class=\"elementor-image-box-wrapper\"><figure class=\"elementor-image-box-img\"><img decoding=\"async\" width=\"940\" height=\"788\" src=\"https:\/\/hildasholm.org\/wp-content\/uploads\/2025\/04\/Mina.jpg\" class=\"attachment-full size-full wp-image-2552\" alt=\"\" srcset=\"https:\/\/hildasholm.org\/wp-content\/uploads\/2025\/04\/Mina.jpg 940w, https:\/\/hildasholm.org\/wp-content\/uploads\/2025\/04\/Mina-300x251.jpg 300w, https:\/\/hildasholm.org\/wp-content\/uploads\/2025\/04\/Mina-768x644.jpg 768w, https:\/\/hildasholm.org\/wp-content\/uploads\/2025\/04\/Mina-14x12.webp 14w\" sizes=\"(max-width: 940px) 100vw, 940px\" \/><\/figure><div class=\"elementor-image-box-content\"><h3 class=\"elementor-image-box-title\">Mina Fred - Viola<\/h3><p class=\"elementor-image-box-description\">Virtuoso violist with expertise in both classical music and free improvisation. Active in leading ensembles and festivals, with a unique ability to build bridges between genres and generations.<\/p><\/div><\/div>\t\t\t\t<\/div>\n\t\t\t\t<\/div>\n\t\t\t\t<\/div>\n\t\t<div class=\"elementor-element elementor-element-4800671 e-con-full e-flex e-con e-child\" data-id=\"4800671\" data-element_type=\"container\" data-e-type=\"container\">\n\t\t\t\t<div class=\"elementor-element elementor-element-597e3d0 elementor-position-top elementor-widget elementor-widget-image-box\" data-id=\"597e3d0\" data-element_type=\"widget\" data-e-type=\"widget\" data-widget_type=\"image-box.default\">\n\t\t\t\t<div class=\"elementor-widget-container\">\n\t\t\t\t\t<div class=\"elementor-image-box-wrapper\"><figure class=\"elementor-image-box-img\"><img loading=\"lazy\" decoding=\"async\" width=\"940\" height=\"788\" src=\"https:\/\/hildasholm.org\/wp-content\/uploads\/2025\/04\/Daniele.jpg\" class=\"attachment-full size-full wp-image-2549\" alt=\"\" srcset=\"https:\/\/hildasholm.org\/wp-content\/uploads\/2025\/04\/Daniele.jpg 940w, https:\/\/hildasholm.org\/wp-content\/uploads\/2025\/04\/Daniele-300x251.jpg 300w, https:\/\/hildasholm.org\/wp-content\/uploads\/2025\/04\/Daniele-768x644.jpg 768w, https:\/\/hildasholm.org\/wp-content\/uploads\/2025\/04\/Daniele-14x12.webp 14w\" sizes=\"(max-width: 940px) 100vw, 940px\" \/><\/figure><div class=\"elementor-image-box-content\"><h3 class=\"elementor-image-box-title\">Daniele Rinaldo - Piano<\/h3><p class=\"elementor-image-box-description\">An acclaimed pianist with dramatic flair and international impact. With roots in both music and academia, he combines technical brilliance with artistic depth.<\/p><\/div><\/div>\t\t\t\t<\/div>\n\t\t\t\t<\/div>\n\t\t\t\t<\/div>\n\t\t\t\t\t<\/div>\n\t\t\t\t<\/div>\n\t\t<div class=\"elementor-element elementor-element-4e6b619 e-flex e-con-boxed e-con e-parent\" data-id=\"4e6b619\" data-element_type=\"container\" data-e-type=\"container\">\n\t\t\t\t\t<div class=\"e-con-inner\">\n\t\t<div class=\"elementor-element elementor-element-f18c710 e-con-full e-flex e-con e-child\" data-id=\"f18c710\" data-element_type=\"container\" data-e-type=\"container\">\n\t\t\t\t<div class=\"elementor-element elementor-element-59915b7 elementor-position-top elementor-widget elementor-widget-image-box\" data-id=\"59915b7\" data-element_type=\"widget\" data-e-type=\"widget\" data-widget_type=\"image-box.default\">\n\t\t\t\t<div class=\"elementor-widget-container\">\n\t\t\t\t\t<div class=\"elementor-image-box-wrapper\"><figure class=\"elementor-image-box-img\"><img loading=\"lazy\" decoding=\"async\" width=\"940\" height=\"788\" src=\"https:\/\/hildasholm.org\/wp-content\/uploads\/2025\/04\/Carl-Henning-Fredriksson-.jpg\" class=\"attachment-full size-full wp-image-2558\" alt=\"\" srcset=\"https:\/\/hildasholm.org\/wp-content\/uploads\/2025\/04\/Carl-Henning-Fredriksson-.jpg 940w, https:\/\/hildasholm.org\/wp-content\/uploads\/2025\/04\/Carl-Henning-Fredriksson--300x251.jpg 300w, https:\/\/hildasholm.org\/wp-content\/uploads\/2025\/04\/Carl-Henning-Fredriksson--768x644.jpg 768w, https:\/\/hildasholm.org\/wp-content\/uploads\/2025\/04\/Carl-Henning-Fredriksson--14x12.webp 14w\" sizes=\"(max-width: 940px) 100vw, 940px\" \/><\/figure><div class=\"elementor-image-box-content\"><h3 class=\"elementor-image-box-title\">Carl Henning Fredriksson - Cello<\/h3><p class=\"elementor-image-box-description\">Malm\u00f6-based cellist with international training and broad experience from both opera and symphony orchestras in Sweden and Europe. A sensitive chamber musician with strong stage presence and great musical breadth.<\/p><\/div><\/div>\t\t\t\t<\/div>\n\t\t\t\t<\/div>\n\t\t\t\t<\/div>\n\t\t<div class=\"elementor-element elementor-element-da7762a e-con-full e-flex e-con e-child\" data-id=\"da7762a\" data-element_type=\"container\" data-e-type=\"container\">\n\t\t\t\t<div class=\"elementor-element elementor-element-81efc1d elementor-position-top elementor-widget elementor-widget-image-box\" data-id=\"81efc1d\" data-element_type=\"widget\" data-e-type=\"widget\" data-widget_type=\"image-box.default\">\n\t\t\t\t<div class=\"elementor-widget-container\">\n\t\t\t\t\t<div class=\"elementor-image-box-wrapper\"><figure class=\"elementor-image-box-img\"><img loading=\"lazy\" decoding=\"async\" width=\"940\" height=\"788\" src=\"https:\/\/hildasholm.org\/wp-content\/uploads\/2025\/04\/Staffan-Liljas-1.jpg\" class=\"attachment-full size-full wp-image-2559\" alt=\"\" srcset=\"https:\/\/hildasholm.org\/wp-content\/uploads\/2025\/04\/Staffan-Liljas-1.jpg 940w, https:\/\/hildasholm.org\/wp-content\/uploads\/2025\/04\/Staffan-Liljas-1-300x251.jpg 300w, https:\/\/hildasholm.org\/wp-content\/uploads\/2025\/04\/Staffan-Liljas-1-768x644.jpg 768w, https:\/\/hildasholm.org\/wp-content\/uploads\/2025\/04\/Staffan-Liljas-1-14x12.jpg 14w\" sizes=\"(max-width: 940px) 100vw, 940px\" \/><\/figure><div class=\"elementor-image-box-content\"><h3 class=\"elementor-image-box-title\">Staffan Liljas - Bass<\/h3><p class=\"elementor-image-box-description\">Internationally active opera bass with a broad repertoire - from Handel and Bach to newly written works. A charismatic soloist with a powerful presence, performing on some of Europe's leading opera stages and church concerts.\n\n<\/p><\/div><\/div>\t\t\t\t<\/div>\n\t\t\t\t<\/div>\n\t\t\t\t<\/div>\n\t\t<div class=\"elementor-element elementor-element-bdd9f66 e-con-full e-flex e-con e-child\" data-id=\"bdd9f66\" data-element_type=\"container\" data-e-type=\"container\">\n\t\t\t\t<div class=\"elementor-element elementor-element-ae1f952 elementor-position-top elementor-widget elementor-widget-image-box\" data-id=\"ae1f952\" data-element_type=\"widget\" data-e-type=\"widget\" data-widget_type=\"image-box.default\">\n\t\t\t\t<div class=\"elementor-widget-container\">\n\t\t\t\t\t<div class=\"elementor-image-box-wrapper\"><figure class=\"elementor-image-box-img\"><img loading=\"lazy\" decoding=\"async\" width=\"940\" height=\"788\" src=\"https:\/\/hildasholm.org\/wp-content\/uploads\/2025\/04\/Maria.jpg\" class=\"attachment-full size-full wp-image-2551\" alt=\"\" srcset=\"https:\/\/hildasholm.org\/wp-content\/uploads\/2025\/04\/Maria.jpg 940w, https:\/\/hildasholm.org\/wp-content\/uploads\/2025\/04\/Maria-300x251.jpg 300w, https:\/\/hildasholm.org\/wp-content\/uploads\/2025\/04\/Maria-768x644.jpg 768w, https:\/\/hildasholm.org\/wp-content\/uploads\/2025\/04\/Maria-14x12.webp 14w\" sizes=\"(max-width: 940px) 100vw, 940px\" \/><\/figure><div class=\"elementor-image-box-content\"><h3 class=\"elementor-image-box-title\">Maria Wernberg - Violin<\/h3><p class=\"elementor-image-box-description\">National fiddler and classically trained violinist with his heart in \u00c5ngerman folk music. A living link between tradition and the present, equally at home at fiddlers' gatherings and in opera productions.<\/p><\/div><\/div>\t\t\t\t<\/div>\n\t\t\t\t<\/div>\n\t\t\t\t<\/div>\n\t\t<div class=\"elementor-element elementor-element-213a140 e-con-full e-flex e-con e-child\" data-id=\"213a140\" data-element_type=\"container\" data-e-type=\"container\">\n\t\t\t\t<div class=\"elementor-element elementor-element-43370d6 elementor-position-top elementor-widget elementor-widget-image-box\" data-id=\"43370d6\" data-element_type=\"widget\" data-e-type=\"widget\" data-widget_type=\"image-box.default\">\n\t\t\t\t<div class=\"elementor-widget-container\">\n\t\t\t\t\t<div class=\"elementor-image-box-wrapper\"><figure class=\"elementor-image-box-img\"><img loading=\"lazy\" decoding=\"async\" width=\"940\" height=\"788\" src=\"https:\/\/hildasholm.org\/wp-content\/uploads\/2025\/04\/Peter.jpg\" class=\"attachment-full size-full wp-image-2553\" alt=\"\" srcset=\"https:\/\/hildasholm.org\/wp-content\/uploads\/2025\/04\/Peter.jpg 940w, https:\/\/hildasholm.org\/wp-content\/uploads\/2025\/04\/Peter-300x251.jpg 300w, https:\/\/hildasholm.org\/wp-content\/uploads\/2025\/04\/Peter-768x644.jpg 768w, https:\/\/hildasholm.org\/wp-content\/uploads\/2025\/04\/Peter-14x12.jpg 14w\" sizes=\"(max-width: 940px) 100vw, 940px\" \/><\/figure><div class=\"elementor-image-box-content\"><h3 class=\"elementor-image-box-title\">Peter Rousu - Bass &amp; Guitar<\/h3><p class=\"elementor-image-box-description\">Versatile musician and composer with over 100 works to his name. An experienced stage personality who moves freely between jazz, folk and classical music.<\/p><\/div><\/div>\t\t\t\t<\/div>\n\t\t\t\t<\/div>\n\t\t\t\t<\/div>\n\t\t<div class=\"elementor-element elementor-element-1c5f7a7 e-con-full e-flex e-con e-child\" data-id=\"1c5f7a7\" data-element_type=\"container\" data-e-type=\"container\">\n\t\t\t\t<div class=\"elementor-element elementor-element-db549da elementor-position-top elementor-widget elementor-widget-image-box\" data-id=\"db549da\" data-element_type=\"widget\" data-e-type=\"widget\" data-widget_type=\"image-box.default\">\n\t\t\t\t<div class=\"elementor-widget-container\">\n\t\t\t\t\t<div class=\"elementor-image-box-wrapper\"><figure class=\"elementor-image-box-img\"><img loading=\"lazy\" decoding=\"async\" width=\"940\" height=\"788\" src=\"https:\/\/hildasholm.org\/wp-content\/uploads\/2025\/06\/Jeanett.jpg\" class=\"attachment-full size-full wp-image-2744\" alt=\"\" srcset=\"https:\/\/hildasholm.org\/wp-content\/uploads\/2025\/06\/Jeanett.jpg 940w, https:\/\/hildasholm.org\/wp-content\/uploads\/2025\/06\/Jeanett-300x251.jpg 300w, https:\/\/hildasholm.org\/wp-content\/uploads\/2025\/06\/Jeanett-768x644.jpg 768w, https:\/\/hildasholm.org\/wp-content\/uploads\/2025\/06\/Jeanett-14x12.jpg 14w\" sizes=\"(max-width: 940px) 100vw, 940px\" \/><\/figure><div class=\"elementor-image-box-content\"><h3 class=\"elementor-image-box-title\">Jeanett Walerholt Rousu<\/h3><p class=\"elementor-image-box-description\">Multi-instrumentalist, folk musician and composer with a national fiddler title behind him, known for his meticulous playing on the viola d'amore, nyckelharpa and spil\u00e5pipa, where tradition meets innovation.<\/p><\/div><\/div>\t\t\t\t<\/div>\n\t\t\t\t<\/div>\n\t\t\t\t<\/div>\n\t\t\t\t\t<\/div>\n\t\t\t\t<\/div>\n\t\t\t\t<\/div>","protected":false},"excerpt":{"rendered":"<p>Elisabeth Zeuthen Schneider \u2013 Violin, konstn\u00e4rlig ledare Internationellt erk\u00e4nd violinist och konstn\u00e4rlig ledare med gedigen erfarenhet fr\u00e5n Europas fr\u00e4msta scener och festivaler. En passionerad f\u00f6rmedlare av kammarmusik i v\u00e4rldsklass. Toke [&hellip;]<\/p>\n","protected":false},"author":2,"featured_media":0,"parent":2259,"menu_order":0,"comment_status":"closed","ping_status":"closed","template":"","meta":{"_EventAllDay":false,"_EventTimezone":"","_EventStartDate":"","_EventEndDate":"","_EventStartDateUTC":"","_EventEndDateUTC":"","_EventShowMap":false,"_EventShowMapLink":false,"_EventURL":"","_EventCost":"","_EventCostDescription":"","_EventCurrencySymbol":"","_EventCurrencyCode":"","_EventCurrencyPosition":"","_EventDateTimeSeparator":"","_EventTimeRangeSeparator":"","_EventOrganizerID":[],"_EventVenueID":[],"_OrganizerEmail":"","_OrganizerPhone":"","_OrganizerWebsite":"","_VenueAddress":"","_VenueCity":"","_VenueCountry":"","_VenueProvince":"","_VenueState":"","_VenueZip":"","_VenuePhone":"","_VenueURL":"","_VenueStateProvince":"","_VenueLat":"","_VenueLng":"","_VenueShowMap":false,"_VenueShowMapLink":false,"ocean_post_layout":"","ocean_both_sidebars_style":"","ocean_both_sidebars_content_width":0,"ocean_both_sidebars_sidebars_width":0,"ocean_sidebar":"","ocean_second_sidebar":"","ocean_disable_margins":"enable","ocean_add_body_class":"","ocean_shortcode_before_top_bar":"","ocean_shortcode_after_top_bar":"","ocean_shortcode_before_header":"","ocean_shortcode_after_header":"","ocean_has_shortcode":"","ocean_shortcode_after_title":"","ocean_shortcode_before_footer_widgets":"","ocean_shortcode_after_footer_widgets":"","ocean_shortcode_before_footer_bottom":"","ocean_shortcode_after_footer_bottom":"","ocean_display_top_bar":"default","ocean_display_header":"default","ocean_header_style":"","ocean_center_header_left_menu":"","ocean_custom_header_template":"","ocean_custom_logo":0,"ocean_custom_retina_logo":0,"ocean_custom_logo_max_width":0,"ocean_custom_logo_tablet_max_width":0,"ocean_custom_logo_mobile_max_width":0,"ocean_custom_logo_max_height":0,"ocean_custom_logo_tablet_max_height":0,"ocean_custom_logo_mobile_max_height":0,"ocean_header_custom_menu":"","ocean_menu_typo_font_family":"","ocean_menu_typo_font_subset":"","ocean_menu_typo_font_size":0,"ocean_menu_typo_font_size_tablet":0,"ocean_menu_typo_font_size_mobile":0,"ocean_menu_typo_font_size_unit":"px","ocean_menu_typo_font_weight":"","ocean_menu_typo_font_weight_tablet":"","ocean_menu_typo_font_weight_mobile":"","ocean_menu_typo_transform":"","ocean_menu_typo_transform_tablet":"","ocean_menu_typo_transform_mobile":"","ocean_menu_typo_line_height":0,"ocean_menu_typo_line_height_tablet":0,"ocean_menu_typo_line_height_mobile":0,"ocean_menu_typo_line_height_unit":"","ocean_menu_typo_spacing":0,"ocean_menu_typo_spacing_tablet":0,"ocean_menu_typo_spacing_mobile":0,"ocean_menu_typo_spacing_unit":"","ocean_menu_link_color":"","ocean_menu_link_color_hover":"","ocean_menu_link_color_active":"","ocean_menu_link_background":"","ocean_menu_link_hover_background":"","ocean_menu_link_active_background":"","ocean_menu_social_links_bg":"","ocean_menu_social_hover_links_bg":"","ocean_menu_social_links_color":"","ocean_menu_social_hover_links_color":"","ocean_disable_title":"default","ocean_disable_heading":"default","ocean_post_title":"","ocean_post_subheading":"","ocean_post_title_style":"","ocean_post_title_background_color":"","ocean_post_title_background":0,"ocean_post_title_bg_image_position":"","ocean_post_title_bg_image_attachment":"","ocean_post_title_bg_image_repeat":"","ocean_post_title_bg_image_size":"","ocean_post_title_height":0,"ocean_post_title_bg_overlay":0.5,"ocean_post_title_bg_overlay_color":"","ocean_disable_breadcrumbs":"default","ocean_breadcrumbs_color":"","ocean_breadcrumbs_separator_color":"","ocean_breadcrumbs_links_color":"","ocean_breadcrumbs_links_hover_color":"","ocean_display_footer_widgets":"default","ocean_display_footer_bottom":"default","ocean_custom_footer_template":"","osh_disable_topbar_sticky":"default","osh_disable_header_sticky":"default","osh_sticky_header_style":"default","osh_sticky_header_effect":"","osh_custom_sticky_logo":0,"osh_custom_retina_sticky_logo":0,"osh_custom_sticky_logo_height":0,"osh_background_color":"","osh_links_color":"","osh_links_hover_color":"","osh_links_active_color":"","osh_links_bg_color":"","osh_links_hover_bg_color":"","osh_links_active_bg_color":"","osh_menu_social_links_color":"","osh_menu_social_hover_links_color":"","footnotes":""},"class_list":["post-2539","page","type-page","status-publish","hentry","entry"],"_links":{"self":[{"href":"https:\/\/hildasholm.org\/en\/wp-json\/wp\/v2\/pages\/2539","targetHints":{"allow":["GET"]}}],"collection":[{"href":"https:\/\/hildasholm.org\/en\/wp-json\/wp\/v2\/pages"}],"about":[{"href":"https:\/\/hildasholm.org\/en\/wp-json\/wp\/v2\/types\/page"}],"author":[{"embeddable":true,"href":"https:\/\/hildasholm.org\/en\/wp-json\/wp\/v2\/users\/2"}],"replies":[{"embeddable":true,"href":"https:\/\/hildasholm.org\/en\/wp-json\/wp\/v2\/comments?post=2539"}],"version-history":[{"count":12,"href":"https:\/\/hildasholm.org\/en\/wp-json\/wp\/v2\/pages\/2539\/revisions"}],"predecessor-version":[{"id":2747,"href":"https:\/\/hildasholm.org\/en\/wp-json\/wp\/v2\/pages\/2539\/revisions\/2747"}],"up":[{"embeddable":true,"href":"https:\/\/hildasholm.org\/en\/wp-json\/wp\/v2\/pages\/2259"}],"wp:attachment":[{"href":"https:\/\/hildasholm.org\/en\/wp-json\/wp\/v2\/media?parent=2539"}],"curies":[{"name":"wp","href":"https:\/\/api.w.org\/{rel}","templated":true}]}}